{"id":17,"date":"2020-12-18T17:12:43","date_gmt":"2020-12-18T16:12:43","guid":{"rendered":"http:\/\/scope-english.pl\/?page_id=17"},"modified":"2020-12-19T23:51:54","modified_gmt":"2020-12-19T22:51:54","slug":"lektor-jezyka-angielskiego","status":"publish","type":"page","link":"http:\/\/scope-english.pl\/","title":{"rendered":"Nienazwane"},"content":{"rendered":"\n<h2 class=\"has-text-align-center has-small-font-size wp-block-heading\"><\/h2>\n\n\n\n<div class=\"wp-block-columns alignfull is-layout-flex wp-container-core-columns-is-layout-9d6595d7 wp-block-columns-is-layout-flex\">\n<div class=\"wp-block-column is-layout-flow wp-block-column-is-layout-flow\" style=\"flex-basis:100%\">\n<div class=\"wp-block-columns is-layout-flex wp-container-core-columns-is-layout-9d6595d7 wp-block-columns-is-layout-flex\">\n<div class=\"wp-block-column is-layout-flow wp-block-column-is-layout-flow\" style=\"flex-basis:100%\">\n<p class=\"has-yellow-color has-text-color\">S\u0142awek Wolf &#8211; do\u015bwiadczony lektor j\u0119zyka angielskiego<\/p>\n<\/div>\n<\/div>\n\n\n\n<ul class=\"has-yellow-color has-text-color wp-block-list\"><li>Specjalizuj\u0119 si\u0119 w zaj\u0119ciach organizowanych dla firm <br>(Business English, j\u0119zyk techniczny, IT, ale tak\u017ce niszowe bran\u017ce) <br>i zaj\u0119ciach indywidualnych dla os\u00f3b prywatnych;<\/li><\/ul>\n\n\n\n<ul class=\"has-yellow-color has-text-color wp-block-list\"><li>Prowadz\u0119 r\u00f3wnie\u017c zaj\u0119cia w uk\u0142adzie 2-1 i 3-1;<\/li><\/ul>\n\n\n\n<ul class=\"has-yellow-color has-text-color wp-block-list\"><li>Przygotowuj\u0119 do rozm\u00f3w kwalifikacyjnych, spotka\u0144 biznesowych, <br>prezentacji i niestandardowych wyzwa\u0144 j\u0119zykowych;<\/li><\/ul>\n\n\n\n<ul class=\"has-yellow-color has-text-color wp-block-list\"><li>Przygotowuj\u0119 do egzamin\u00f3w &#8211; BEC, LCCI, FCE, CAE, CPE i innych;<\/li><\/ul>\n\n\n\n<ul class=\"has-yellow-color has-text-color wp-block-list\"><li>Oferuj\u0119 wysokie kompetencje, zrozumienie potrzeb uczni\u00f3w <br>i bogate do\u015bwiadczenie &#8211; przez 20 lat mojej pracy uczy\u0142em <br>w kilku szko\u0142ach j\u0119zykowych, szko\u0142ach policealnych,<br>kilkudziesi\u0119ciu firmach, a tak\u017ce w jednostkach wojskowych;<\/li><\/ul>\n\n\n\n<ul class=\"has-yellow-color has-text-color wp-block-list\"><li>Prowadz\u0119 jednoosobow\u0105 dzia\u0142alno\u015b\u0107 gospodarcz\u0105, <br>wystawiam rachunki;<\/li><\/ul>\n\n\n\n<ul class=\"has-yellow-color has-text-color wp-block-list\"><li>Ucz\u0119 online, korzystaj\u0105c z wi\u0119kszo\u015bci popularnych komunikator\u00f3w;<\/li><\/ul>\n\n\n\n<ul class=\"has-yellow-color has-text-color wp-block-list\"><li>Na \u017cyczenie udost\u0119pniam moje szczeg\u00f3\u0142owe CV i referencje;<\/li><\/ul>\n\n\n\n<ul class=\"has-yellow-color has-text-color wp-block-list\"><li>Je\u015bli my\u015blisz, \u017ce mog\u0119 Ci pom\u00f3c, wy\u015blij do mnie wiadomo\u015b\u0107 <br>na adres<span class=\"has-inline-color has-orange-color\"> <\/span><a href=\"mailto:info@scope-english.pl\" title=\"mailto:info@scope-english.pl\"><span class=\"has-inline-color has-red-color\">info@scope-english.pl<\/span><\/a> &#8211; w ten spos\u00f3b um\u00f3wimy si\u0119 na <br>nieodp\u0142atne spotkanie diagnostyczne. <br>Porozmawiajmy o Twoich celach j\u0119zykowych i o tym, jak je osi\u0105gn\u0105\u0107.<\/li><\/ul>\n<\/div>\n<\/div>\n\n\n\n<div class=\"wp-block-columns is-layout-flex wp-container-core-columns-is-layout-9d6595d7 wp-block-columns-is-layout-flex\">\n<div class=\"wp-block-column is-layout-flow wp-block-column-is-layout-flow\" style=\"flex-basis:100%\">\n<div class=\"wp-block-columns is-layout-flex wp-container-core-columns-is-layout-9d6595d7 wp-block-columns-is-layout-flex\">\n<div class=\"wp-block-column is-layout-flow wp-block-column-is-layout-flow\" style=\"flex-basis:100%\">\n<div class=\"wp-block-columns is-layout-flex wp-container-core-columns-is-layout-9d6595d7 wp-block-columns-is-layout-flex\">\n<div class=\"wp-block-column is-layout-flow wp-block-column-is-layout-flow\" style=\"flex-basis:100%\">\n<div class=\"wp-block-group is-layout-flow wp-block-group-is-layout-flow\"><div class=\"wp-block-group__inner-container\"><\/div><\/div>\n<\/div>\n<\/div>\n<\/div>\n<\/div>\n<\/div>\n<\/div>\n\n\n\n<div class=\"wp-block-columns .wpforms-field-label { } color: #FFFFFF !important; is-layout-flex wp-container-core-columns-is-layout-9d6595d7 wp-block-columns-is-layout-flex\">\n<div class=\"wp-block-column is-layout-flow wp-block-column-is-layout-flow\" style=\"flex-basis:100%\">\n<div class=\"wp-block-columns has-yellow-color has-text-color is-layout-flex wp-container-core-columns-is-layout-9d6595d7 wp-block-columns-is-layout-flex\">\n<div class=\"wp-block-column is-layout-flow wp-block-column-is-layout-flow\" style=\"flex-basis:100%\">\n<div class=\"wp-block-columns is-layout-flex wp-container-core-columns-is-layout-9d6595d7 wp-block-columns-is-layout-flex\">\n<div class=\"wp-block-column is-layout-flow wp-block-column-is-layout-flow\" style=\"flex-basis:100%\"><\/div>\n<\/div>\n<\/div>\n<\/div>\n<\/div>\n<\/div>\n","protected":false},"excerpt":{"rendered":"<p>S\u0142awek Wolf &#8211; do\u015bwiadczony lektor j\u0119zyka angielskiego Specjalizuj\u0119 si\u0119 w zaj\u0119ciach organizowanych dla firm (Business English, j\u0119zyk techniczny, IT, ale tak\u017ce niszowe bran\u017ce) i zaj\u0119ciach indywidualnych dla os\u00f3b prywatnych; Prowadz\u0119 r\u00f3wnie\u017c zaj\u0119cia w uk\u0142adzie 2-1 i 3-1; Przygotowuj\u0119 do rozm\u00f3w kwalifikacyjnych, spotka\u0144 biznesowych, prezentacji i niestandardowych wyzwa\u0144 j\u0119zykowych; Przygotowuj\u0119 do egzamin\u00f3w &#8211; BEC, LCCI, FCE,&hellip; <a class=\"more-link\" href=\"http:\/\/scope-english.pl\/\">Czytaj dalej <span class=\"screen-reader-text\">Nienazwane<\/span><\/a><\/p>\n","protected":false},"author":1,"featured_media":0,"parent":0,"menu_order":1,"comment_status":"closed","ping_status":"closed","template":"","meta":{"footnotes":""},"class_list":["post-17","page","type-page","status-publish","hentry","entry"],"_links":{"self":[{"href":"http:\/\/scope-english.pl\/index.php?rest_route=\/wp\/v2\/pages\/17","targetHints":{"allow":["GET"]}}],"collection":[{"href":"http:\/\/scope-english.pl\/index.php?rest_route=\/wp\/v2\/pages"}],"about":[{"href":"http:\/\/scope-english.pl\/index.php?rest_route=\/wp\/v2\/types\/page"}],"author":[{"embeddable":true,"href":"http:\/\/scope-english.pl\/index.php?rest_route=\/wp\/v2\/users\/1"}],"replies":[{"embeddable":true,"href":"http:\/\/scope-english.pl\/index.php?rest_route=%2Fwp%2Fv2%2Fcomments&post=17"}],"version-history":[{"count":76,"href":"http:\/\/scope-english.pl\/index.php?rest_route=\/wp\/v2\/pages\/17\/revisions"}],"predecessor-version":[{"id":140,"href":"http:\/\/scope-english.pl\/index.php?rest_route=\/wp\/v2\/pages\/17\/revisions\/140"}],"wp:attachment":[{"href":"http:\/\/scope-english.pl\/index.php?rest_route=%2Fwp%2Fv2%2Fmedia&parent=17"}],"curies":[{"name":"wp","href":"https:\/\/api.w.org\/{rel}","templated":true}]}}